{"id":957,"date":"2022-03-17T15:52:18","date_gmt":"2022-03-17T14:52:18","guid":{"rendered":"https:\/\/pgtb.fr\/?page_id=957"},"modified":"2026-01-05T16:20:19","modified_gmt":"2026-01-05T15:20:19","slug":"sequenceurs-illumina","status":"publish","type":"page","link":"https:\/\/pgtb.fr\/en\/sequenceurs-illumina\/","title":{"rendered":"S\u00e9quenceurs Illumina"},"content":{"rendered":"<p class=\"wp-block-paragraph\"><\/p>\n\n\n\n<h2 class=\"wp-block-heading has-text-align-center\">Le s\u00e9quenceur NextSeq 2000<\/h2>\n\n\n<div class=\"wp-block-image\">\n<figure class=\"aligncenter size-large is-resized\"><img data-recalc-dims=\"1\" fetchpriority=\"high\" decoding=\"async\" width=\"736\" height=\"475\" data-attachment-id=\"92\" data-permalink=\"https:\/\/pgtb.fr\/en\/nextseq-2000-system-product-front-web-graphic-2\/\" data-orig-file=\"https:\/\/i0.wp.com\/pgtb.fr\/wp-content\/uploads\/2022\/01\/nextseq-2000-system-product-front-web-graphic-2.jpg?fit=736%2C475&amp;ssl=1\" data-orig-size=\"736,475\" data-comments-opened=\"1\" data-image-meta=\"{&quot;aperture&quot;:&quot;0&quot;,&quot;credit&quot;:&quot;&quot;,&quot;camera&quot;:&quot;&quot;,&quot;caption&quot;:&quot;&quot;,&quot;created_timestamp&quot;:&quot;0&quot;,&quot;copyright&quot;:&quot;&quot;,&quot;focal_length&quot;:&quot;0&quot;,&quot;iso&quot;:&quot;0&quot;,&quot;shutter_speed&quot;:&quot;0&quot;,&quot;title&quot;:&quot;&quot;,&quot;orientation&quot;:&quot;0&quot;}\" data-image-title=\"nextseq-2000-system-product-front-web-graphic-2\" data-image-description=\"\" data-image-caption=\"\" data-large-file=\"https:\/\/i0.wp.com\/pgtb.fr\/wp-content\/uploads\/2022\/01\/nextseq-2000-system-product-front-web-graphic-2.jpg?fit=736%2C475&amp;ssl=1\" src=\"https:\/\/i0.wp.com\/pgtb.fr\/wp-content\/uploads\/2022\/01\/nextseq-2000-system-product-front-web-graphic-2.jpg?resize=736%2C475&#038;ssl=1\" alt=\"\" class=\"wp-image-92\" style=\"width:354px;height:228px\"\/><\/figure>\n<\/div>\n\n\n<p class=\"wp-block-paragraph\"><\/p>\n\n\n\n<p class=\"wp-block-paragraph\">Le s\u00e9quenceur NextSeq 2000 permet de g\u00e9n\u00e9rer de 100 millions \u00e0 1,8 milliard de paires de s\u00e9quences en fonction du kit choisi ; le d\u00e9tail de chaque kit est disponible ci-dessous :<\/p>\n\n\n\n<figure class=\"wp-block-image size-large\"><img data-recalc-dims=\"1\" decoding=\"async\" width=\"750\" height=\"527\" data-attachment-id=\"1966\" data-permalink=\"https:\/\/pgtb.fr\/en\/sequenceurs-illumina\/illumina_ns2k_2024\/\" data-orig-file=\"https:\/\/i0.wp.com\/pgtb.fr\/wp-content\/uploads\/2024\/03\/illumina_ns2k_2024.png?fit=1337%2C939&amp;ssl=1\" data-orig-size=\"1337,939\" data-comments-opened=\"1\" data-image-meta=\"{&quot;aperture&quot;:&quot;0&quot;,&quot;credit&quot;:&quot;&quot;,&quot;camera&quot;:&quot;&quot;,&quot;caption&quot;:&quot;&quot;,&quot;created_timestamp&quot;:&quot;0&quot;,&quot;copyright&quot;:&quot;&quot;,&quot;focal_length&quot;:&quot;0&quot;,&quot;iso&quot;:&quot;0&quot;,&quot;shutter_speed&quot;:&quot;0&quot;,&quot;title&quot;:&quot;&quot;,&quot;orientation&quot;:&quot;0&quot;}\" data-image-title=\"illumina_ns2k_2024\" data-image-description=\"\" data-image-caption=\"\" data-large-file=\"https:\/\/i0.wp.com\/pgtb.fr\/wp-content\/uploads\/2024\/03\/illumina_ns2k_2024.png?fit=750%2C527&amp;ssl=1\" src=\"https:\/\/i0.wp.com\/pgtb.fr\/wp-content\/uploads\/2024\/03\/illumina_ns2k_2024.png?resize=750%2C527&#038;ssl=1\" alt=\"\" class=\"wp-image-1966\"\/><\/figure>\n\n\n\n<h2 class=\"wp-block-heading has-text-align-center\">Le s\u00e9quenceur MiSeq i100<\/h2>\n\n\n<div class=\"wp-block-image\">\n<figure class=\"aligncenter size-full is-resized\"><img data-recalc-dims=\"1\" decoding=\"async\" width=\"520\" height=\"631\" data-attachment-id=\"3702\" data-permalink=\"https:\/\/pgtb.fr\/en\/sequenceurs-illumina\/capture-decran-2026-01-05-161103\/\" data-orig-file=\"https:\/\/i0.wp.com\/pgtb.fr\/wp-content\/uploads\/2026\/01\/Capture-decran-2026-01-05-161103.png?fit=520%2C631&amp;ssl=1\" data-orig-size=\"520,631\" data-comments-opened=\"1\" data-image-meta=\"{&quot;aperture&quot;:&quot;0&quot;,&quot;credit&quot;:&quot;&quot;,&quot;camera&quot;:&quot;&quot;,&quot;caption&quot;:&quot;&quot;,&quot;created_timestamp&quot;:&quot;0&quot;,&quot;copyright&quot;:&quot;&quot;,&quot;focal_length&quot;:&quot;0&quot;,&quot;iso&quot;:&quot;0&quot;,&quot;shutter_speed&quot;:&quot;0&quot;,&quot;title&quot;:&quot;&quot;,&quot;orientation&quot;:&quot;0&quot;}\" data-image-title=\"Capture d\u2019\u00e9cran 2026-01-05 161103\" data-image-description=\"\" data-image-caption=\"\" data-large-file=\"https:\/\/i0.wp.com\/pgtb.fr\/wp-content\/uploads\/2026\/01\/Capture-decran-2026-01-05-161103.png?fit=520%2C631&amp;ssl=1\" src=\"https:\/\/i0.wp.com\/pgtb.fr\/wp-content\/uploads\/2026\/01\/Capture-decran-2026-01-05-161103.png?resize=520%2C631&#038;ssl=1\" alt=\"\" class=\"wp-image-3702\" style=\"aspect-ratio:0.8241059326451882;width:181px;height:auto\" srcset=\"https:\/\/i0.wp.com\/pgtb.fr\/wp-content\/uploads\/2026\/01\/Capture-decran-2026-01-05-161103.png?w=520&amp;ssl=1 520w, https:\/\/i0.wp.com\/pgtb.fr\/wp-content\/uploads\/2026\/01\/Capture-decran-2026-01-05-161103.png?resize=247%2C300&amp;ssl=1 247w, https:\/\/i0.wp.com\/pgtb.fr\/wp-content\/uploads\/2026\/01\/Capture-decran-2026-01-05-161103.png?resize=10%2C12&amp;ssl=1 10w\" sizes=\"(max-width: 520px) 100vw, 520px\" \/><\/figure>\n<\/div>\n\n\n<p class=\"wp-block-paragraph\">Le s\u00e9quenceur MiSeq i100 permet de g\u00e9n\u00e9rer de 5 \u00e0 25 millions de paires de s\u00e9quences en fonction du kit choisi ; le d\u00e9tail de chaque kit est disponible ci-dessous :<\/p>\n\n\n<div class=\"wp-block-image\">\n<figure class=\"aligncenter size-full is-resized\"><img data-recalc-dims=\"1\" loading=\"lazy\" decoding=\"async\" width=\"735\" height=\"610\" data-attachment-id=\"3706\" data-permalink=\"https:\/\/pgtb.fr\/en\/sequenceurs-illumina\/image-12\/\" data-orig-file=\"https:\/\/i0.wp.com\/pgtb.fr\/wp-content\/uploads\/2026\/01\/image.png?fit=735%2C610&amp;ssl=1\" data-orig-size=\"735,610\" data-comments-opened=\"1\" data-image-meta=\"{&quot;aperture&quot;:&quot;0&quot;,&quot;credit&quot;:&quot;&quot;,&quot;camera&quot;:&quot;&quot;,&quot;caption&quot;:&quot;&quot;,&quot;created_timestamp&quot;:&quot;0&quot;,&quot;copyright&quot;:&quot;&quot;,&quot;focal_length&quot;:&quot;0&quot;,&quot;iso&quot;:&quot;0&quot;,&quot;shutter_speed&quot;:&quot;0&quot;,&quot;title&quot;:&quot;&quot;,&quot;orientation&quot;:&quot;0&quot;}\" data-image-title=\"image\" data-image-description=\"\" data-image-caption=\"\" data-large-file=\"https:\/\/i0.wp.com\/pgtb.fr\/wp-content\/uploads\/2026\/01\/image.png?fit=735%2C610&amp;ssl=1\" src=\"https:\/\/i0.wp.com\/pgtb.fr\/wp-content\/uploads\/2026\/01\/image.png?resize=735%2C610&#038;ssl=1\" alt=\"\" class=\"wp-image-3706\" style=\"aspect-ratio:1.2049465054883979;width:321px;height:auto\" srcset=\"https:\/\/i0.wp.com\/pgtb.fr\/wp-content\/uploads\/2026\/01\/image.png?w=735&amp;ssl=1 735w, https:\/\/i0.wp.com\/pgtb.fr\/wp-content\/uploads\/2026\/01\/image.png?resize=300%2C249&amp;ssl=1 300w, https:\/\/i0.wp.com\/pgtb.fr\/wp-content\/uploads\/2026\/01\/image.png?resize=14%2C12&amp;ssl=1 14w\" sizes=\"(max-width: 735px) 100vw, 735px\" \/><\/figure>\n<\/div>\n\n\n<p class=\"wp-block-paragraph\"><\/p>\n\n\n\n<h2 class=\"wp-block-heading has-text-align-center\" id=\"iseq\">Le s\u00e9quenceur iSeq 100<\/h2>\n\n\n<div class=\"wp-block-image\">\n<figure class=\"aligncenter size-large is-resized\"><img data-recalc-dims=\"1\" loading=\"lazy\" decoding=\"async\" width=\"736\" height=\"736\" data-attachment-id=\"719\" data-permalink=\"https:\/\/pgtb.fr\/en\/iseq100\/\" data-orig-file=\"https:\/\/i0.wp.com\/pgtb.fr\/wp-content\/uploads\/2022\/02\/iseq100.webp?fit=736%2C736&amp;ssl=1\" data-orig-size=\"736,736\" data-comments-opened=\"1\" data-image-meta=\"{&quot;aperture&quot;:&quot;0&quot;,&quot;credit&quot;:&quot;&quot;,&quot;camera&quot;:&quot;&quot;,&quot;caption&quot;:&quot;&quot;,&quot;created_timestamp&quot;:&quot;0&quot;,&quot;copyright&quot;:&quot;&quot;,&quot;focal_length&quot;:&quot;0&quot;,&quot;iso&quot;:&quot;0&quot;,&quot;shutter_speed&quot;:&quot;0&quot;,&quot;title&quot;:&quot;&quot;,&quot;orientation&quot;:&quot;0&quot;}\" data-image-title=\"iseq100\" data-image-description=\"\" data-image-caption=\"\" data-large-file=\"https:\/\/i0.wp.com\/pgtb.fr\/wp-content\/uploads\/2022\/02\/iseq100.webp?fit=736%2C736&amp;ssl=1\" src=\"https:\/\/i0.wp.com\/pgtb.fr\/wp-content\/uploads\/2022\/02\/iseq100.webp?resize=736%2C736&#038;ssl=1\" alt=\"\" class=\"wp-image-719\" style=\"width:213px;height:213px\"\/><\/figure>\n<\/div>\n\n\n<p class=\"wp-block-paragraph\"><\/p>\n\n\n\n<p class=\"wp-block-paragraph\">Ce s\u00e9quenceur permet de g\u00e9n\u00e9rer 4 millions de paires de s\u00e9quences ; les diff\u00e9rents kits de s\u00e9quen\u00e7age disponibles sont mentionn\u00e9s ci-dessous :<\/p>\n\n\n\n<figure class=\"wp-block-image size-large\"><img data-recalc-dims=\"1\" loading=\"lazy\" decoding=\"async\" width=\"750\" height=\"120\" data-attachment-id=\"1075\" data-permalink=\"https:\/\/pgtb.fr\/en\/image-9\/\" data-orig-file=\"https:\/\/i0.wp.com\/pgtb.fr\/wp-content\/uploads\/2022\/03\/image-9.png?fit=1668%2C267&amp;ssl=1\" data-orig-size=\"1668,267\" data-comments-opened=\"1\" data-image-meta=\"{&quot;aperture&quot;:&quot;0&quot;,&quot;credit&quot;:&quot;&quot;,&quot;camera&quot;:&quot;&quot;,&quot;caption&quot;:&quot;&quot;,&quot;created_timestamp&quot;:&quot;0&quot;,&quot;copyright&quot;:&quot;&quot;,&quot;focal_length&quot;:&quot;0&quot;,&quot;iso&quot;:&quot;0&quot;,&quot;shutter_speed&quot;:&quot;0&quot;,&quot;title&quot;:&quot;&quot;,&quot;orientation&quot;:&quot;0&quot;}\" data-image-title=\"image-9\" data-image-description=\"\" data-image-caption=\"\" data-large-file=\"https:\/\/i0.wp.com\/pgtb.fr\/wp-content\/uploads\/2022\/03\/image-9.png?fit=750%2C120&amp;ssl=1\" src=\"https:\/\/i0.wp.com\/pgtb.fr\/wp-content\/uploads\/2022\/03\/image-9.png?resize=750%2C120&#038;ssl=1\" alt=\"\" class=\"wp-image-1075\"\/><\/figure>","protected":false},"excerpt":{"rendered":"<p>Le s\u00e9quenceur NextSeq 2000 Le s\u00e9quenceur NextSeq 2000 permet de g\u00e9n\u00e9rer de 100 millions \u00e0 1,8 milliard de paires de s\u00e9quences en fonction du kit choisi ; le d\u00e9tail de chaque kit est disponible ci-dessous : Le s\u00e9quenceur MiSeq i100 Le s\u00e9quenceur MiSeq i100 permet de g\u00e9n\u00e9rer de 5 \u00e0 25 millions de paires de<a class=\"more-link\" href=\"https:\/\/pgtb.fr\/en\/sequenceurs-illumina\/\">Continue reading <span class=\"screen-reader-text\">\u00ab\u00a0S\u00e9quenceurs Illumina\u00a0\u00bb<\/span><\/a><\/p>","protected":false},"author":216247060,"featured_media":0,"parent":0,"menu_order":0,"comment_status":"closed","ping_status":"closed","template":"","meta":{"_crdt_document":"","advanced_seo_description":"","jetpack_seo_html_title":"","jetpack_seo_noindex":false,"footnotes":""},"class_list":["post-957","page","type-page","status-publish","hentry","entry"],"jetpack_likes_enabled":true,"jetpack_sharing_enabled":true,"jetpack_shortlink":"https:\/\/wp.me\/PdFmHm-fr","jetpack-related-posts":[],"_links":{"self":[{"href":"https:\/\/pgtb.fr\/en\/wp-json\/wp\/v2\/pages\/957","targetHints":{"allow":["GET"]}}],"collection":[{"href":"https:\/\/pgtb.fr\/en\/wp-json\/wp\/v2\/pages"}],"about":[{"href":"https:\/\/pgtb.fr\/en\/wp-json\/wp\/v2\/types\/page"}],"author":[{"embeddable":true,"href":"https:\/\/pgtb.fr\/en\/wp-json\/wp\/v2\/users\/216247060"}],"replies":[{"embeddable":true,"href":"https:\/\/pgtb.fr\/en\/wp-json\/wp\/v2\/comments?post=957"}],"version-history":[{"count":30,"href":"https:\/\/pgtb.fr\/en\/wp-json\/wp\/v2\/pages\/957\/revisions"}],"predecessor-version":[{"id":3709,"href":"https:\/\/pgtb.fr\/en\/wp-json\/wp\/v2\/pages\/957\/revisions\/3709"}],"wp:attachment":[{"href":"https:\/\/pgtb.fr\/en\/wp-json\/wp\/v2\/media?parent=957"}],"curies":[{"name":"wp","href":"https:\/\/api.w.org\/{rel}","templated":true}]}}