{"id":810,"date":"2022-03-01T17:36:19","date_gmt":"2022-03-01T16:36:19","guid":{"rendered":"https:\/\/pgtb.fr\/?page_id=810"},"modified":"2022-03-10T15:56:33","modified_gmt":"2022-03-10T14:56:33","slug":"resequencage-cible","status":"publish","type":"page","link":"https:\/\/pgtb.fr\/en\/resequencage-cible\/","title":{"rendered":"Res\u00e9quen\u00e7age cibl\u00e9"},"content":{"rendered":"<p class=\"wp-block-paragraph\"><\/p>\n\n\n\n<p class=\"has-text-color has-large-font-size wp-block-paragraph\" style=\"color:#c9239f;\"><strong>TO COMPLETE (BENJAMIN)<\/strong><\/p>","protected":false},"excerpt":{"rendered":"<p>TO COMPLETE (BENJAMIN)<\/p>","protected":false},"author":216247060,"featured_media":0,"parent":0,"menu_order":0,"comment_status":"closed","ping_status":"closed","template":"","meta":{"_crdt_document":"","advanced_seo_description":"","jetpack_seo_html_title":"","jetpack_seo_noindex":false,"jetpack_post_was_ever_published":false,"footnotes":""},"class_list":["post-810","page","type-page","status-publish","hentry","entry"],"jetpack_likes_enabled":true,"jetpack_sharing_enabled":true,"jetpack_shortlink":"https:\/\/wp.me\/PdFmHm-d4","jetpack-related-posts":[],"_links":{"self":[{"href":"https:\/\/pgtb.fr\/en\/wp-json\/wp\/v2\/pages\/810","targetHints":{"allow":["GET"]}}],"collection":[{"href":"https:\/\/pgtb.fr\/en\/wp-json\/wp\/v2\/pages"}],"about":[{"href":"https:\/\/pgtb.fr\/en\/wp-json\/wp\/v2\/types\/page"}],"author":[{"embeddable":true,"href":"https:\/\/pgtb.fr\/en\/wp-json\/wp\/v2\/users\/216247060"}],"replies":[{"embeddable":true,"href":"https:\/\/pgtb.fr\/en\/wp-json\/wp\/v2\/comments?post=810"}],"version-history":[{"count":2,"href":"https:\/\/pgtb.fr\/en\/wp-json\/wp\/v2\/pages\/810\/revisions"}],"predecessor-version":[{"id":863,"href":"https:\/\/pgtb.fr\/en\/wp-json\/wp\/v2\/pages\/810\/revisions\/863"}],"wp:attachment":[{"href":"https:\/\/pgtb.fr\/en\/wp-json\/wp\/v2\/media?parent=810"}],"curies":[{"name":"wp","href":"https:\/\/api.w.org\/{rel}","templated":true}]}}