{"id":591,"date":"2022-02-08T16:16:18","date_gmt":"2022-02-08T15:16:18","guid":{"rendered":"https:\/\/pgtb.fr\/?page_id=591"},"modified":"2025-09-25T16:58:58","modified_gmt":"2025-09-25T14:58:58","slug":"newsletter","status":"publish","type":"page","link":"https:\/\/pgtb.fr\/en\/newsletter\/","title":{"rendered":"Newsletters"},"content":{"rendered":"<p class=\"wp-block-paragraph\">Nos derni\u00e8res newsletters :<\/p>\n\n\n\n<p class=\"wp-block-paragraph\"><strong>Newsletter N\u00b013<\/strong> (Septembre 2025) : Mise en service du nouveau s\u00e9quenceur Illumina MiSeq i100 et focus sur notre strat\u00e9gie RSE.<\/p>\n\n\n\n<div data-wp-interactive=\"core\/file\" class=\"wp-block-file\"><object data-wp-bind--hidden=\"!state.hasPdfPreview\" hidden class=\"wp-block-file__embed\" data=\"https:\/\/pgtb.fr\/wp-content\/uploads\/2025\/09\/Newsletter-13-SEPTEMBRE-2025.pdf\" type=\"application\/pdf\" style=\"width:100%;height:600px\" aria-label=\"Embed of Newsletter-13-SEPTEMBRE-2025.\"><\/object><a id=\"wp-block-file--media-4b558c03-4650-46a6-9793-1307c55287c0\" href=\"https:\/\/pgtb.fr\/wp-content\/uploads\/2025\/09\/Newsletter-13-SEPTEMBRE-2025.pdf\">Newsletter-13-SEPTEMBRE-2025<\/a><a href=\"https:\/\/pgtb.fr\/wp-content\/uploads\/2025\/09\/Newsletter-13-SEPTEMBRE-2025.pdf\" class=\"wp-block-file__button wp-element-button\" download aria-describedby=\"wp-block-file--media-4b558c03-4650-46a6-9793-1307c55287c0\">T\u00e9l\u00e9charger<\/a><\/div>\n\n\n\n<p class=\"wp-block-paragraph\"><strong>Newsletter N\u00b012<\/strong> (D\u00e9cembre 2024) : Pr\u00e9sentation du nouveau s\u00e9quenceur Illumina MiSeq i100 et focus sur le projet EMERG sur les maladies infectieuses \u00e9mergentes.<\/p>\n\n\n\n<div data-wp-interactive=\"core\/file\" class=\"wp-block-file\"><object data-wp-bind--hidden=\"!state.hasPdfPreview\" hidden class=\"wp-block-file__embed\" data=\"https:\/\/pgtb.fr\/wp-content\/uploads\/2024\/12\/newsletter-12-decembre-2024.pdf\" type=\"application\/pdf\" style=\"width:100%;height:600px\" aria-label=\"Embed of Newsletter-12 - DECEMBRE 2024.\"><\/object><a id=\"wp-block-file--media-15807797-cf75-41b9-9f92-e9a58c4bebf9\" href=\"https:\/\/pgtb.fr\/wp-content\/uploads\/2024\/12\/newsletter-12-decembre-2024.pdf\">Newsletter-12 &#8211; DECEMBRE 2024<\/a><a href=\"https:\/\/pgtb.fr\/wp-content\/uploads\/2024\/12\/newsletter-12-decembre-2024.pdf\" class=\"wp-block-file__button wp-element-button\" download aria-describedby=\"wp-block-file--media-15807797-cf75-41b9-9f92-e9a58c4bebf9\">T\u00e9l\u00e9charger<\/a><\/div>\n\n\n\n<p class=\"wp-block-paragraph\"><strong>Newsletter N\u00b011<\/strong> (Mars 2024) : Retour sur l&rsquo;ann\u00e9e 2023 et derni\u00e8res innovations en s\u00e9quen\u00e7age short reads Illumina sur NextSeq 2000<\/p>\n\n\n\n<div data-wp-interactive=\"core\/file\" class=\"wp-block-file\"><object data-wp-bind--hidden=\"!state.hasPdfPreview\" hidden class=\"wp-block-file__embed\" data=\"https:\/\/pgtb.fr\/wp-content\/uploads\/2024\/03\/newsletter-11-mars-2024.pdf\" type=\"application\/pdf\" style=\"width:100%;height:600px\" aria-label=\"Embed of newsletter-11-mars-2024.\"><\/object><a id=\"wp-block-file--media-3ea82ba9-53fc-4403-8a6f-b9c7d19af604\" href=\"https:\/\/pgtb.fr\/wp-content\/uploads\/2024\/03\/newsletter-11-mars-2024.pdf\">newsletter-11-mars-2024<\/a><a href=\"https:\/\/pgtb.fr\/wp-content\/uploads\/2024\/03\/newsletter-11-mars-2024.pdf\" class=\"wp-block-file__button wp-element-button\" download aria-describedby=\"wp-block-file--media-3ea82ba9-53fc-4403-8a6f-b9c7d19af604\">T\u00e9l\u00e9charger<\/a><\/div>\n\n\n\n<p class=\"wp-block-paragraph\"><strong>Newsletter N\u00b010<\/strong> (Juin 2023) : Mise en service du PromethION 2 Solo et derni\u00e8res innovations en s\u00e9quen\u00e7age short reads Illumina sur NextSeq 2000 et en s\u00e9quen\u00e7age long reads Oxford Nanopore<\/p>\n\n\n\n<div data-wp-interactive=\"core\/file\" class=\"wp-block-file\"><object data-wp-bind--hidden=\"!state.hasPdfPreview\" hidden class=\"wp-block-file__embed\" data=\"https:\/\/pgtb.fr\/wp-content\/uploads\/2023\/10\/newsletter-10-juin-2023.pdf\" type=\"application\/pdf\" style=\"width:100%;height:600px\" aria-label=\"Embed of newsletter-10-juin-2023.\"><\/object><a id=\"wp-block-file--media-7388d173-9997-4b5a-b3a2-b40abfe20cb1\" href=\"https:\/\/pgtb.fr\/wp-content\/uploads\/2023\/10\/newsletter-10-juin-2023.pdf\">newsletter-10-juin-2023<\/a><a href=\"https:\/\/pgtb.fr\/wp-content\/uploads\/2023\/10\/newsletter-10-juin-2023.pdf\" class=\"wp-block-file__button wp-element-button\" download aria-describedby=\"wp-block-file--media-7388d173-9997-4b5a-b3a2-b40abfe20cb1\">T\u00e9l\u00e9charger<\/a><\/div>\n\n\n\n<p class=\"wp-block-paragraph\"><strong>Newsletter N\u00b09<\/strong> (Novembre 2022) : Bilan \u00e0 un an du NextSeq 2000 de la PGTB et derni\u00e8res avanc\u00e9es en s\u00e9quen\u00e7age Oxford Nanopore<\/p>\n\n\n\n<div data-wp-interactive=\"core\/file\" class=\"wp-block-file\"><object data-wp-bind--hidden=\"!state.hasPdfPreview\" hidden class=\"wp-block-file__embed\" data=\"https:\/\/pgtb.fr\/wp-content\/uploads\/2022\/11\/newsletter9_novembre_2022.pdf\" type=\"application\/pdf\" style=\"width:100%;height:600px\" aria-label=\"Embed of T\u00e9l\u00e9chargement_Newsletter#9.\"><\/object><a id=\"wp-block-file--media-11f77826-3a5b-4d92-bf91-9a31291140a8\" href=\"https:\/\/pgtb.fr\/wp-content\/uploads\/2022\/11\/newsletter9_novembre_2022.pdf\">T\u00e9l\u00e9chargement_Newsletter#9<\/a><\/div>\n\n\n\n<p class=\"has-text-align-justify wp-block-paragraph\"><strong>Newsletter N\u00b08<\/strong> (Novembre 2021) : Arriv\u00e9e du NextSeq 2000 \u00e0 la PGTB et zoom sur la technique LAMP<\/p>\n\n\n\n<div data-wp-interactive=\"core\/file\" class=\"wp-block-file\"><object data-wp-bind--hidden=\"!state.hasPdfPreview\" hidden class=\"wp-block-file__embed\" data=\"https:\/\/pgtb.fr\/wp-content\/uploads\/2022\/02\/newsletter-8-novembre-2021-final-1.pdf\" type=\"application\/pdf\" style=\"width:100%;height:600px\" aria-label=\"Embed of Telechargement_Newsletter#8.\"><\/object><a id=\"wp-block-file--media-25e86024-8fb2-4ccd-a154-c2308decc95f\" href=\"https:\/\/pgtb.fr\/wp-content\/uploads\/2022\/02\/newsletter-8-novembre-2021-final-1.pdf\">Telechargement_Newsletter#8<\/a><\/div>\n\n\n\n<p class=\"has-text-align-justify wp-block-paragraph\"><strong>Newsletter N\u00b07<\/strong> (Juin 2021) : Du nouveau en s\u00e9quen\u00e7age long read et le g\u00e9notypage de microsatellites par s\u00e9quen\u00e7age (SSR-Seq)<\/p>\n\n\n\n<div data-wp-interactive=\"core\/file\" class=\"wp-block-file\"><object data-wp-bind--hidden=\"!state.hasPdfPreview\" hidden class=\"wp-block-file__embed\" data=\"https:\/\/pgtb.fr\/wp-content\/uploads\/2022\/02\/newsletter-7-juin-2021-1.pdf\" type=\"application\/pdf\" style=\"width:100%;height:600px\" aria-label=\"Embed of T\u00e9l\u00e9chargement_Newsletter#7.\"><\/object><a id=\"wp-block-file--media-f9f4c019-85e7-4733-8890-450b983b076b\" href=\"https:\/\/pgtb.fr\/wp-content\/uploads\/2022\/02\/newsletter-7-juin-2021-1.pdf\">T\u00e9l\u00e9chargement_Newsletter#7<\/a><\/div>\n\n\n\n<p class=\"has-text-align-justify wp-block-paragraph\"><strong>Newsletter N\u00b06<\/strong> (Janvier 2021) : Le nouveau syst\u00e8me de g\u00e9notypage MassArray, le projet d&rsquo;Analyses G\u00e9n\u00e9tiques In Situ et la comparaison de technologies de m\u00e9tag\u00e9nomique cibl\u00e9e de bact\u00e9ries<\/p>\n\n\n\n<div data-wp-interactive=\"core\/file\" class=\"wp-block-file\"><object data-wp-bind--hidden=\"!state.hasPdfPreview\" hidden class=\"wp-block-file__embed\" data=\"https:\/\/pgtb.fr\/wp-content\/uploads\/2022\/02\/newsletter-6-janvier-2021-1.pdf\" type=\"application\/pdf\" style=\"width:100%;height:600px\" aria-label=\"Embed of T\u00e9l\u00e9chargement_Newsletter#6.\"><\/object><a id=\"wp-block-file--media-866c7f8d-b3ac-40d3-a109-d4a02d14bab0\" href=\"https:\/\/pgtb.fr\/wp-content\/uploads\/2022\/02\/newsletter-6-janvier-2021-1.pdf\">T\u00e9l\u00e9chargement_Newsletter#6<\/a><\/div>\n\n\n\n<p class=\"wp-block-paragraph\"><\/p>\n\n\n\n<p class=\"has-text-align-justify wp-block-paragraph\">Les newsletters des ann\u00e9es pr\u00e9c\u00e9dentes sont \u00e9galement disponibles et t\u00e9l\u00e9chargeables :<\/p>\n\n\n\n<div class=\"wp-block-file\"><a id=\"wp-block-file--media-dd0342af-4d36-464d-bda0-770eed0f130b\" href=\"https:\/\/pgtb.fr\/wp-content\/uploads\/2022\/03\/newsletter-5-fevrier-2019.pdf\">T\u00e9l\u00e9chargement_Newsletter#5<\/a><\/div>\n\n\n\n<div class=\"wp-block-file\"><a id=\"wp-block-file--media-973f36b9-3d69-4ab5-9d9a-be52b3763a09\" href=\"https:\/\/pgtb.fr\/wp-content\/uploads\/2022\/03\/newsletter-4-novembre-2018-1.pdf\">T\u00e9l\u00e9chargement_Newsletter#4<\/a><\/div>\n\n\n\n<div class=\"wp-block-file\"><a id=\"wp-block-file--media-eacc1b71-946c-4499-b514-85f29737b5e3\" href=\"https:\/\/pgtb.fr\/wp-content\/uploads\/2022\/03\/newsletter-3-juin-2018.pdf\">T\u00e9l\u00e9chargement_Newsletter#3<\/a><\/div>\n\n\n\n<div class=\"wp-block-file\"><a id=\"wp-block-file--media-f4f3f8a2-8ebd-42d2-b7bd-2d73d40701be\" href=\"https:\/\/pgtb.fr\/wp-content\/uploads\/2022\/03\/newsletter-2-juin-2017.pdf\">T\u00e9l\u00e9chargement_Newsletter#2<\/a><\/div>\n\n\n\n<div class=\"wp-block-file\"><a id=\"wp-block-file--media-061c8e89-5881-4483-8c55-88710fea0f13\" href=\"https:\/\/pgtb.fr\/wp-content\/uploads\/2022\/03\/newsletter-1-janvier-2017.pdf\">T\u00e9l\u00e9chargement_Newsletter#1<\/a><\/div>","protected":false},"excerpt":{"rendered":"<p>Nos derni\u00e8res newsletters : Newsletter N\u00b013 (Septembre 2025) : Mise en service du nouveau s\u00e9quenceur Illumina MiSeq i100 et focus sur notre strat\u00e9gie RSE. Newsletter N\u00b012 (D\u00e9cembre 2024) : Pr\u00e9sentation du nouveau s\u00e9quenceur Illumina MiSeq i100 et focus sur le projet EMERG sur les maladies infectieuses \u00e9mergentes. Newsletter N\u00b011 (Mars 2024) : Retour sur l&rsquo;ann\u00e9e<a class=\"more-link\" href=\"https:\/\/pgtb.fr\/en\/newsletter\/\">Continue reading <span class=\"screen-reader-text\">\u00ab\u00a0Newsletters\u00a0\u00bb<\/span><\/a><\/p>","protected":false},"author":216247060,"featured_media":0,"parent":0,"menu_order":0,"comment_status":"closed","ping_status":"closed","template":"","meta":{"_crdt_document":"","advanced_seo_description":"","jetpack_seo_html_title":"","jetpack_seo_noindex":false,"footnotes":""},"class_list":["post-591","page","type-page","status-publish","hentry","entry"],"jetpack_likes_enabled":true,"jetpack_sharing_enabled":true,"jetpack_shortlink":"https:\/\/wp.me\/PdFmHm-9x","jetpack-related-posts":[],"_links":{"self":[{"href":"https:\/\/pgtb.fr\/en\/wp-json\/wp\/v2\/pages\/591","targetHints":{"allow":["GET"]}}],"collection":[{"href":"https:\/\/pgtb.fr\/en\/wp-json\/wp\/v2\/pages"}],"about":[{"href":"https:\/\/pgtb.fr\/en\/wp-json\/wp\/v2\/types\/page"}],"author":[{"embeddable":true,"href":"https:\/\/pgtb.fr\/en\/wp-json\/wp\/v2\/users\/216247060"}],"replies":[{"embeddable":true,"href":"https:\/\/pgtb.fr\/en\/wp-json\/wp\/v2\/comments?post=591"}],"version-history":[{"count":26,"href":"https:\/\/pgtb.fr\/en\/wp-json\/wp\/v2\/pages\/591\/revisions"}],"predecessor-version":[{"id":3295,"href":"https:\/\/pgtb.fr\/en\/wp-json\/wp\/v2\/pages\/591\/revisions\/3295"}],"wp:attachment":[{"href":"https:\/\/pgtb.fr\/en\/wp-json\/wp\/v2\/media?parent=591"}],"curies":[{"name":"wp","href":"https:\/\/api.w.org\/{rel}","templated":true}]}}