{"id":557,"date":"2022-02-08T15:38:28","date_gmt":"2022-02-08T14:38:28","guid":{"rendered":"https:\/\/pgtb.fr\/?page_id=557"},"modified":"2026-01-08T09:13:12","modified_gmt":"2026-01-08T08:13:12","slug":"laboratoire-adn-sensible","status":"publish","type":"page","link":"https:\/\/pgtb.fr\/en\/laboratoire-adn-sensible\/","title":{"rendered":"Sensible DNA lab"},"content":{"rendered":"<p class=\"wp-block-paragraph\"><\/p>\n\n\n\n<p class=\"has-text-align-justify wp-block-paragraph\">Le laboratoire confin\u00e9 de la PGTB est d\u00e9di\u00e9 \u00e0 l\u2019\u00e9tude de l\u2019ADN environnemental et d\u2019\u00e9chantillons \u00ab sensibles \u00bb (bois, herbier\u2026). Ce laboratoire est \u00e9quip\u00e9 de salles propres \u00e0 air filtr\u00e9,&nbsp; pression positive et radiations UV. Il dispose \u00e9galement d\u2019un compteur de particules pour d\u00e9tecter et quantifier les particules dans l\u2019air. De plus, afin d\u2019\u00e9viter les contaminations ext\u00e9rieures, le personnel et utilisateurs utilisant ces laboratoires doivent respecter&nbsp;des pratiques sp\u00e9cifiques \u00e0 ce type d\u2019analyses et porter des \u00e9quipements adapt\u00e9s.<\/p>\n\n\n\n<p class=\"has-text-align-justify wp-block-paragraph\">Le laboratoire d\u2019analyse ADN environnemental est isol\u00e9 dans un b\u00e2timent s\u00e9par\u00e9 afin d\u2019\u00e9viter toute contamination par les&nbsp; laboratoires \u00ab&nbsp;classiques&nbsp;\u00bb de la PGTB. Ce laboratoire est compos\u00e9&nbsp;d\u2019un sas d\u2019entr\u00e9e et de 3 salles \u00e9quip\u00e9es d\u2019un \u00e9quipement complet en biologie mol\u00e9culaire&nbsp;:<\/p>\n\n\n\n<ul class=\"wp-block-list\">\n<li>une salle de pr\u00e9paration des \u00e9chantillons (mise en tubes ou plaques, broyeur, &#8230;)<\/li>\n\n\n\n<li>une salle d\u2019extraction&nbsp;d\u2019ADN (extraction en tubes et plaques avec des kits commerciaux)<\/li>\n\n\n\n<li>une salle de pr\u00e9paration des mix PCR et des librairies de s\u00e9quen\u00e7age Illumina<\/li>\n<\/ul>\n\n\n\n<figure class=\"wp-block-image size-large is-resized\"><img data-recalc-dims=\"1\" fetchpriority=\"high\" decoding=\"async\" width=\"750\" height=\"220\" data-attachment-id=\"45\" data-permalink=\"https:\/\/pgtb.fr\/en\/laboblanc\/\" data-orig-file=\"https:\/\/i0.wp.com\/pgtb.fr\/wp-content\/uploads\/2022\/01\/laboblanc.png?fit=1000%2C293&amp;ssl=1\" data-orig-size=\"1000,293\" data-comments-opened=\"1\" data-image-meta=\"{&quot;aperture&quot;:&quot;0&quot;,&quot;credit&quot;:&quot;&quot;,&quot;camera&quot;:&quot;&quot;,&quot;caption&quot;:&quot;&quot;,&quot;created_timestamp&quot;:&quot;0&quot;,&quot;copyright&quot;:&quot;&quot;,&quot;focal_length&quot;:&quot;0&quot;,&quot;iso&quot;:&quot;0&quot;,&quot;shutter_speed&quot;:&quot;0&quot;,&quot;title&quot;:&quot;&quot;,&quot;orientation&quot;:&quot;0&quot;}\" data-image-title=\"laboblanc\" data-image-description=\"\" data-image-caption=\"\" data-large-file=\"https:\/\/i0.wp.com\/pgtb.fr\/wp-content\/uploads\/2022\/01\/laboblanc.png?fit=750%2C220&amp;ssl=1\" src=\"https:\/\/i0.wp.com\/pgtb.fr\/wp-content\/uploads\/2022\/01\/laboblanc.png?resize=750%2C220&#038;ssl=1\" alt=\"\" class=\"wp-image-45\" style=\"width:779px;height:227px\"\/><\/figure>\n\n\n\n<p class=\"has-text-align-justify wp-block-paragraph\"><a href=\"https:\/\/pgtb.fr\/en\/contactez-nous\/\">Contact us<\/a> pour venir utiliser ce laboratoire et r\u00e9aliser vos extractions, pr\u00e9paration de PCR ou librairies de s\u00e9quen\u00e7age Illumina dans des conditions optimales pour vos \u00e9chantillons et vos donn\u00e9es.<\/p>\n\n\n\n<h2 class=\"wp-block-heading\">Publication associ\u00e9e<\/h2>\n\n\n\n<p class=\"has-text-align-justify wp-block-paragraph\">Saloj\u00e4rvi J, Rambani A, Yu Z, Guyot R, Strickler S, Lepelley M, Wang C, Rajaraman S, Rastas P, Zheng C, Mu\u00f1oz DS, Meidanis J, Paschoal AR, Bawin Y, Krabbenhoft TJ, Wang ZQ, Fleck SJ, Aussel R, Bellanger L, Charpagne A, Fournier C, Kassam M, Lefebvre G, M\u00e9tairon S, Moine D, Rigoreau M, Stolte J, Hamon P, Couturon E, Tranchant-Dubreuil C, Mukherjee M, Lan T, Engelhardt J, Stadler P, Correia De Lemos SM, Suzuki SI, Sumirat U, Wai CM, Dauchot N, Orozco-Arias S, Garavito A, Kiwuka C, Musoli P, Nalukenge A, <strong>Guichoux E<\/strong>, Reinout H, Smit M, Carretero-Paulet L, Filho OG, Braghini MT, Padilha L, Sera GH, Ruttink T, Henry R, Marraccini P, Van de Peer Y, Andrade A, Domingues D, Giuliano G, Mueller L, Pereira LF, Plaisance S, Poncet V, Rombauts S, Sankoff D, Albert VA, Crouzillat D, de Kochko A, Descombes P., 2024. The genome and population genomics of allopolyploid Coffea arabica reveal the diversification history of modern coffee cultivars. Nat Genet. &nbsp;DOI:&nbsp;<a href=\"https:\/\/doi.org\/10.1038\/s41588-024-01695-w\" target=\"_blank\" rel=\"noreferrer noopener\">10.1038\/s41588-024-01695-w<\/a><\/p>","protected":false},"excerpt":{"rendered":"<p>Le laboratoire confin\u00e9 de la PGTB est d\u00e9di\u00e9 \u00e0 l\u2019\u00e9tude de l\u2019ADN environnemental et d\u2019\u00e9chantillons \u00ab sensibles \u00bb (bois, herbier\u2026). Ce laboratoire est \u00e9quip\u00e9 de salles propres \u00e0 air filtr\u00e9,&nbsp; pression positive et radiations UV. Il dispose \u00e9galement d\u2019un compteur de particules pour d\u00e9tecter et quantifier les particules dans l\u2019air. De plus, afin d\u2019\u00e9viter les<a class=\"more-link\" href=\"https:\/\/pgtb.fr\/en\/laboratoire-adn-sensible\/\">Continue reading <span class=\"screen-reader-text\">\u00ab\u00a0Laboratoire ADN sensible\u00a0\u00bb<\/span><\/a><\/p>","protected":false},"author":216247060,"featured_media":0,"parent":0,"menu_order":0,"comment_status":"closed","ping_status":"closed","template":"","meta":{"_crdt_document":"","advanced_seo_description":"","jetpack_seo_html_title":"","jetpack_seo_noindex":false,"footnotes":""},"class_list":["post-557","page","type-page","status-publish","hentry","entry"],"jetpack_likes_enabled":true,"jetpack_sharing_enabled":true,"jetpack_shortlink":"https:\/\/wp.me\/PdFmHm-8Z","jetpack-related-posts":[],"_links":{"self":[{"href":"https:\/\/pgtb.fr\/en\/wp-json\/wp\/v2\/pages\/557","targetHints":{"allow":["GET"]}}],"collection":[{"href":"https:\/\/pgtb.fr\/en\/wp-json\/wp\/v2\/pages"}],"about":[{"href":"https:\/\/pgtb.fr\/en\/wp-json\/wp\/v2\/types\/page"}],"author":[{"embeddable":true,"href":"https:\/\/pgtb.fr\/en\/wp-json\/wp\/v2\/users\/216247060"}],"replies":[{"embeddable":true,"href":"https:\/\/pgtb.fr\/en\/wp-json\/wp\/v2\/comments?post=557"}],"version-history":[{"count":11,"href":"https:\/\/pgtb.fr\/en\/wp-json\/wp\/v2\/pages\/557\/revisions"}],"predecessor-version":[{"id":3750,"href":"https:\/\/pgtb.fr\/en\/wp-json\/wp\/v2\/pages\/557\/revisions\/3750"}],"wp:attachment":[{"href":"https:\/\/pgtb.fr\/en\/wp-json\/wp\/v2\/media?parent=557"}],"curies":[{"name":"wp","href":"https:\/\/api.w.org\/{rel}","templated":true}]}}