{"id":339,"date":"2022-02-08T09:13:50","date_gmt":"2022-02-08T08:13:50","guid":{"rendered":"https:\/\/pgtb.fr\/?page_id=339"},"modified":"2026-01-20T09:27:11","modified_gmt":"2026-01-20T08:27:11","slug":"qui-sommes-nous","status":"publish","type":"page","link":"https:\/\/pgtb.fr\/en\/","title":{"rendered":""},"content":{"rendered":"<div data-elementor-type=\"wp-page\" data-elementor-id=\"339\" class=\"elementor elementor-339\">\n\t\t\t\t<div class=\"elementor-element elementor-element-455f12ae e-flex e-con-boxed e-con e-parent\" data-id=\"455f12ae\" data-element_type=\"container\" data-e-type=\"container\">\n\t\t\t\t\t<div class=\"e-con-inner\">\n\t\t\t\t<div class=\"elementor-element elementor-element-72a0b6d0 elementor-widget elementor-widget-text-editor\" data-id=\"72a0b6d0\" data-element_type=\"widget\" data-e-type=\"widget\" data-widget_type=\"text-editor.default\">\n\t\t\t\t\t\t\t\t\t\n<p class=\"has-text-align-justify wp-block-paragraph translation-block\">La PGTB<strong> <\/strong>est une plateforme technologique qui met \u00e0 disposition de la communaut\u00e9 scientifique publique et priv\u00e9e ses comp\u00e9tences, son expertise et ses \u00e9quipements de pointe dans le domaine de la g\u00e9nomique. Nous vous accompagnons dans la r\u00e9alisation de vos projets sur mesure, en vous proposant des applications originales et un suivi personnalis\u00e9.<\/p>\n\t\t\t\t\t\t\t\t<\/div>\n\t\t\t\t\t<\/div>\n\t\t\t\t<\/div>\n\t\t<div class=\"elementor-element elementor-element-5b03e31 e-flex e-con-boxed e-con e-parent\" data-id=\"5b03e31\" data-element_type=\"container\" data-e-type=\"container\">\n\t\t\t\t\t<div class=\"e-con-inner\">\n\t\t\t\t<div class=\"elementor-element elementor-element-385ddc9 elementor-widget elementor-widget-video\" data-id=\"385ddc9\" data-element_type=\"widget\" data-e-type=\"widget\" data-settings=\"{&quot;video_type&quot;:&quot;hosted&quot;,&quot;autoplay&quot;:&quot;yes&quot;,&quot;play_on_mobile&quot;:&quot;yes&quot;,&quot;mute&quot;:&quot;yes&quot;,&quot;loop&quot;:&quot;yes&quot;,&quot;controls&quot;:&quot;yes&quot;}\" data-widget_type=\"video.default\">\n\t\t\t\t\t\t\t<div class=\"e-hosted-video elementor-wrapper elementor-open-inline\">\n\t\t\t\t\t<video class=\"elementor-video\" src=\"https:\/\/pgtb.fr\/wp-content\/uploads\/2026\/01\/Video-PGTB-1080p.mp4\" autoplay=\"\" loop=\"\" controls=\"\" muted=\"muted\" playsinline=\"\" controlslist=\"nodownload\"><\/video>\n\t\t\t\t<\/div>\n\t\t\t\t\t\t<\/div>\n\t\t\t\t\t<\/div>\n\t\t\t\t<\/div>\n\t\t<div class=\"elementor-element elementor-element-b85c466 e-flex e-con-boxed e-con e-parent\" data-id=\"b85c466\" data-element_type=\"container\" data-e-type=\"container\">\n\t\t\t\t\t<div class=\"e-con-inner\">\n\t\t\t\t<div class=\"elementor-element elementor-element-2102d1f elementor-widget elementor-widget-heading\" data-id=\"2102d1f\" data-element_type=\"widget\" data-e-type=\"widget\" data-widget_type=\"heading.default\">\n\t\t\t\t\t<h2 class=\"elementor-heading-title elementor-size-default\">Nos services<\/h2>\t\t\t\t<\/div>\n\t\t\t\t\t<\/div>\n\t\t\t\t<\/div>\n\t\t<div class=\"elementor-element elementor-element-ce4f339 e-grid e-con-full e-con e-parent\" data-id=\"ce4f339\" data-element_type=\"container\" data-e-type=\"container\">\n\t\t\t\t<div class=\"elementor-element elementor-element-3bc87f9 elementor-widget elementor-widget-shortcode\" data-id=\"3bc87f9\" data-element_type=\"widget\" data-e-type=\"widget\" data-widget_type=\"shortcode.default\">\n\t\t\t\t\t\t\t<div class=\"elementor-shortcode\">            <div class=\"oxi-addons-container noLightbox oxi-image-hover-wrapper-5\" id=\"oxi-image-hover-wrapper-5\">\n                <div class=\"oxi-addons-row\">\n                                <div class=\"oxi-image-hover-style oxi-bt-col-lg-12 oxi-bt-col-md-12 oxi-bt-col-sm-12\"  >\n                <div class=\"oxi-image-hover-style-flipbox\">\n                                            <div class=\"oxi-image-hover oxi-image-flipbox-hover oxi-image-flipbox-hover-style-4 oxi-image-flipbox-hover-5-5\">\n                            <div class=\"oxi-image-hover-figure oxi-image-flip-left-to-right\">\n                                <div class=\"oxi-image-hover-figure-frontend\">\n                                    <div class=\"oxi-image-hover-figure-front-section  image-hover-align-center-center\">\n                                                                                    <div class=\"oxi-image-hover-heading\">SSRseq<\/div>\n                                                                                        <div class=\"oxi-image-hover-content\">D\u00e9veloppement et g\u00e9notypage de marqueurs microsatellites par s\u00e9quen\u00e7age Illumina<\/div>\n                                                                                <\/div>\n                                <\/div>\n                                <div class=\"oxi-image-hover-figure-backend\">\n                                    <div class=\"oxi-image-hover-figure-back-section image-hover-align-center-center\">\n                                                                                    <div class=\"oxi-image-hover-content\">D\u00e9veloppement et g\u00e9notypage sur tout type d'esp\u00e8ces, avec ou sans g\u00e9nome de r\u00e9f\u00e9rence. et sur tout type de matrices, m\u00eame complexes (ADNe, f\u00e8ces, ...)<\/div>\n                                                                                        <div class=\"oxi-image-hover-button\">\n                                                <a   href=\"http:\/\/pgtb.fr\/en\/developpement-et-genotypage-de-microsatellites-par-sequencage-ssr-seq-2\/\" class=\"oxi-image-btn\">En savoir plus<\/a>\n                                            <\/div>\n                                                                                                                        <\/div>\n                                <\/div>\n                            <\/div>\n                        <\/div>\n                                        <\/div> \n                            <\/div>  \n                            <\/div>\n            <\/div>\n\t\t\t<\/div>\n\t\t\t\t\t\t<\/div>\n\t\t\t\t<div class=\"elementor-element elementor-element-06daade elementor-widget elementor-widget-shortcode\" data-id=\"06daade\" data-element_type=\"widget\" data-e-type=\"widget\" data-widget_type=\"shortcode.default\">\n\t\t\t\t\t\t\t<div class=\"elementor-shortcode\">            <div class=\"oxi-addons-container noLightbox oxi-image-hover-wrapper-6\" id=\"oxi-image-hover-wrapper-6\">\n                <div class=\"oxi-addons-row\">\n                                <div class=\"oxi-image-hover-style oxi-bt-col-lg-12 oxi-bt-col-md-12 oxi-bt-col-sm-12\"  >\n                <div class=\"oxi-image-hover-style-flipbox\">\n                                            <div class=\"oxi-image-hover oxi-image-flipbox-hover oxi-image-flipbox-hover-style-4 oxi-image-flipbox-hover-6-6\">\n                            <div class=\"oxi-image-hover-figure oxi-image-flip-left-to-right\">\n                                <div class=\"oxi-image-hover-figure-frontend\">\n                                    <div class=\"oxi-image-hover-figure-front-section  image-hover-align-center-center\">\n                                                                                    <div class=\"oxi-image-hover-heading\">Metabarcoding<\/div>\n                                                                                        <div class=\"oxi-image-hover-content\">Analyse des r\u00e9gions 16S, ITS, COI, ou autres, par s\u00e9quen\u00e7age Illumina ou Oxford Nanopore Technologies<\/div>\n                                                                                <\/div>\n                                <\/div>\n                                <div class=\"oxi-image-hover-figure-backend\">\n                                    <div class=\"oxi-image-hover-figure-back-section image-hover-align-center-center\">\n                                                                                    <div class=\"oxi-image-hover-content\">Illumina : taille maximale de 2x500pb et Jusqu'\u00e0 1152 \u00e9chantillons dans un m\u00eame run.<br> <br> Oxford Nanopore : jusqu'\u00e0 384 \u00e9chantillons par run<\/div>\n                                                                                        <div class=\"oxi-image-hover-button\">\n                                                <a   href=\"https:\/\/pgtb.fr\/en\/la-metagenomique-ciblee\/\" class=\"oxi-image-btn\">En savoir plus<\/a>\n                                            <\/div>\n                                                                                                                        <\/div>\n                                <\/div>\n                            <\/div>\n                        <\/div>\n                                        <\/div> \n                            <\/div>  \n                            <\/div>\n            <\/div>\n\t\t\t<\/div>\n\t\t\t\t\t\t<\/div>\n\t\t\t\t<div class=\"elementor-element elementor-element-0e9b363 elementor-widget elementor-widget-shortcode\" data-id=\"0e9b363\" data-element_type=\"widget\" data-e-type=\"widget\" data-widget_type=\"shortcode.default\">\n\t\t\t\t\t\t\t<div class=\"elementor-shortcode\">            <div class=\"oxi-addons-container noLightbox oxi-image-hover-wrapper-7\" id=\"oxi-image-hover-wrapper-7\">\n                <div class=\"oxi-addons-row\">\n                                <div class=\"oxi-image-hover-style oxi-bt-col-lg-12 oxi-bt-col-md-12 oxi-bt-col-sm-12\"  >\n                <div class=\"oxi-image-hover-style-flipbox\">\n                                            <div class=\"oxi-image-hover oxi-image-flipbox-hover oxi-image-flipbox-hover-style-4 oxi-image-flipbox-hover-7-7\">\n                            <div class=\"oxi-image-hover-figure oxi-image-flip-left-to-right\">\n                                <div class=\"oxi-image-hover-figure-frontend\">\n                                    <div class=\"oxi-image-hover-figure-front-section  image-hover-align-center-center\">\n                                                                                    <div class=\"oxi-image-hover-heading\">G\u00e9notypage SNPseq<\/div>\n                                                                                        <div class=\"oxi-image-hover-content\">Par s\u00e9quen\u00e7age Illumina, avec caract\u00e9risation des polymorphismes flanquants<\/div>\n                                                                                <\/div>\n                                <\/div>\n                                <div class=\"oxi-image-hover-figure-backend\">\n                                    <div class=\"oxi-image-hover-figure-back-section image-hover-align-center-center\">\n                                                                                    <div class=\"oxi-image-hover-content\">95 \u00e0 1140 \u00e9chantillons par analyse, sur des panels jusqu'\u00e0 192 SNP.<\/div>\n                                                                                        <div class=\"oxi-image-hover-button\">\n                                                <a   href=\"https:\/\/pgtb.fr\/en\/genotypage-de-snp-par-sequencage-snpseq\/-et-indel-2\/\" class=\"oxi-image-btn\">En savoir plus<\/a>\n                                            <\/div>\n                                                                                                                        <\/div>\n                                <\/div>\n                            <\/div>\n                        <\/div>\n                                        <\/div> \n                            <\/div>  \n                            <\/div>\n            <\/div>\n\t\t\t<\/div>\n\t\t\t\t\t\t<\/div>\n\t\t\t\t<div class=\"elementor-element elementor-element-0f7f69c elementor-widget elementor-widget-shortcode\" data-id=\"0f7f69c\" data-element_type=\"widget\" data-e-type=\"widget\" data-widget_type=\"shortcode.default\">\n\t\t\t\t\t\t\t<div class=\"elementor-shortcode\">            <div class=\"oxi-addons-container noLightbox oxi-image-hover-wrapper-8\" id=\"oxi-image-hover-wrapper-8\">\n                <div class=\"oxi-addons-row\">\n                                <div class=\"oxi-image-hover-style oxi-bt-col-lg-12 oxi-bt-col-md-12 oxi-bt-col-sm-12\"  >\n                <div class=\"oxi-image-hover-style-flipbox\">\n                                            <div class=\"oxi-image-hover oxi-image-flipbox-hover oxi-image-flipbox-hover-style-4 oxi-image-flipbox-hover-8-8\">\n                            <div class=\"oxi-image-hover-figure oxi-image-flip-left-to-right\">\n                                <div class=\"oxi-image-hover-figure-frontend\">\n                                    <div class=\"oxi-image-hover-figure-front-section  image-hover-align-center-center\">\n                                                                                    <div class=\"oxi-image-hover-heading\">S\u00e9quen\u00e7age ready to load<\/div>\n                                                                                        <div class=\"oxi-image-hover-content\">Illumina MiSeq i100 et NextSeq 2000 <br><br>D\u00e9lai ~ 4 semaines<\/div>\n                                                                                <\/div>\n                                <\/div>\n                                <div class=\"oxi-image-hover-figure-backend\">\n                                    <div class=\"oxi-image-hover-figure-back-section image-hover-align-center-center\">\n                                                                                    <div class=\"oxi-image-hover-content\">S\u00e9quen\u00e7age de librairies Illumina et custom : WGS, single-cell, RNAseq, metabarcoding, m\u00e9tag\u00e9nomique, ...<\/div>\n                                                                                        <div class=\"oxi-image-hover-button\">\n                                                <a   href=\"https:\/\/pgtb.fr\/en\/sequencage-ready-to-load\/\" class=\"oxi-image-btn\">En savoir plus<\/a>\n                                            <\/div>\n                                                                                                                        <\/div>\n                                <\/div>\n                            <\/div>\n                        <\/div>\n                                        <\/div> \n                            <\/div>  \n                            <\/div>\n            <\/div>\n\t\t\t<\/div>\n\t\t\t\t\t\t<\/div>\n\t\t\t\t<div class=\"elementor-element elementor-element-f090ed2 elementor-widget elementor-widget-shortcode\" data-id=\"f090ed2\" data-element_type=\"widget\" data-e-type=\"widget\" data-widget_type=\"shortcode.default\">\n\t\t\t\t\t\t\t<div class=\"elementor-shortcode\">            <div class=\"oxi-addons-container noLightbox oxi-image-hover-wrapper-9\" id=\"oxi-image-hover-wrapper-9\">\n                <div class=\"oxi-addons-row\">\n                                <div class=\"oxi-image-hover-style oxi-bt-col-lg-12 oxi-bt-col-md-12 oxi-bt-col-sm-12\"  >\n                <div class=\"oxi-image-hover-style-flipbox\">\n                                            <div class=\"oxi-image-hover oxi-image-flipbox-hover oxi-image-flipbox-hover-style-4 oxi-image-flipbox-hover-9-9\">\n                            <div class=\"oxi-image-hover-figure oxi-image-flip-left-to-right\">\n                                <div class=\"oxi-image-hover-figure-frontend\">\n                                    <div class=\"oxi-image-hover-figure-front-section  image-hover-align-center-center\">\n                                                                                    <div class=\"oxi-image-hover-heading\">S\u00e9quen\u00e7age shotgun<\/div>\n                                                                                        <div class=\"oxi-image-hover-content\">De novo ou res\u00e9quen\u00e7age<br>Short-reads et long-reads<\/div>\n                                                                                <\/div>\n                                <\/div>\n                                <div class=\"oxi-image-hover-figure-backend\">\n                                    <div class=\"oxi-image-hover-figure-back-section image-hover-align-center-center\">\n                                                                                    <div class=\"oxi-image-hover-content\">Pr\u00e9paration et s\u00e9quen\u00e7age Illumina et Oxford Nanopore de librairies shotgun<\/div>\n                                                                                        <div class=\"oxi-image-hover-button\">\n                                                <a   href=\"https:\/\/pgtb.fr\/en\/sequencage-shotgun\/\" class=\"oxi-image-btn\">En savoir plus<\/a>\n                                            <\/div>\n                                                                                                                        <\/div>\n                                <\/div>\n                            <\/div>\n                        <\/div>\n                                        <\/div> \n                            <\/div>  \n                            <\/div>\n            <\/div>\n\t\t\t<\/div>\n\t\t\t\t\t\t<\/div>\n\t\t\t\t<div class=\"elementor-element elementor-element-c1c477a elementor-widget elementor-widget-shortcode\" data-id=\"c1c477a\" data-element_type=\"widget\" data-e-type=\"widget\" data-widget_type=\"shortcode.default\">\n\t\t\t\t\t\t\t<div class=\"elementor-shortcode\">            <div class=\"oxi-addons-container noLightbox oxi-image-hover-wrapper-10\" id=\"oxi-image-hover-wrapper-10\">\n                <div class=\"oxi-addons-row\">\n                                <div class=\"oxi-image-hover-style oxi-bt-col-lg-12 oxi-bt-col-md-12 oxi-bt-col-sm-12\"  >\n                <div class=\"oxi-image-hover-style-flipbox\">\n                                            <div class=\"oxi-image-hover oxi-image-flipbox-hover oxi-image-flipbox-hover-style-4 oxi-image-flipbox-hover-10-10\">\n                            <div class=\"oxi-image-hover-figure oxi-image-flip-left-to-right\">\n                                <div class=\"oxi-image-hover-figure-frontend\">\n                                    <div class=\"oxi-image-hover-figure-front-section  image-hover-align-center-center\">\n                                                                                    <div class=\"oxi-image-hover-heading\">Capture ADN<\/div>\n                                                                                        <div class=\"oxi-image-hover-content\">Chimie Agilent SureSelect sur ADN et ADN methyl\u00e9<\/div>\n                                                                                <\/div>\n                                <\/div>\n                                <div class=\"oxi-image-hover-figure-backend\">\n                                    <div class=\"oxi-image-hover-figure-back-section image-hover-align-center-center\">\n                                                                                    <div class=\"oxi-image-hover-content\">Nous vous accompagnons du design des sondes \u00e0 l'analyse des donn\u00e9es<\/div>\n                                                                                        <div class=\"oxi-image-hover-button\">\n                                                <a   href=\"https:\/\/pgtb.fr\/en\/capture\/\" class=\"oxi-image-btn\">En savoir plus<\/a>\n                                            <\/div>\n                                                                                                                        <\/div>\n                                <\/div>\n                            <\/div>\n                        <\/div>\n                                        <\/div> \n                            <\/div>  \n                            <\/div>\n            <\/div>\n\t\t\t<\/div>\n\t\t\t\t\t\t<\/div>\n\t\t\t\t<\/div>\n\t\t<div class=\"elementor-element elementor-element-390e0f5 e-flex e-con-boxed e-con e-parent\" data-id=\"390e0f5\" data-element_type=\"container\" data-e-type=\"container\">\n\t\t\t\t\t<div class=\"e-con-inner\">\n\t\t\t\t<div class=\"elementor-element elementor-element-d9f0230 elementor-widget-divider--view-line elementor-widget elementor-widget-divider\" data-id=\"d9f0230\" data-element_type=\"widget\" data-e-type=\"widget\" data-widget_type=\"divider.default\">\n\t\t\t\t\t\t\t<div class=\"elementor-divider\">\n\t\t\t<span class=\"elementor-divider-separator\">\n\t\t\t\t\t\t<\/span>\n\t\t<\/div>\n\t\t\t\t\t\t<\/div>\n\t\t\t\t\t<\/div>\n\t\t\t\t<\/div>\n\t\t<div class=\"elementor-element elementor-element-f1abeee e-flex e-con-boxed e-con e-parent\" data-id=\"f1abeee\" data-element_type=\"container\" data-e-type=\"container\">\n\t\t\t\t\t<div class=\"e-con-inner\">\n\t\t\t\t<div class=\"elementor-element elementor-element-f36eb24 elementor-shape-rounded elementor-grid-0 e-grid-align-center elementor-widget elementor-widget-social-icons\" data-id=\"f36eb24\" data-element_type=\"widget\" data-e-type=\"widget\" data-widget_type=\"social-icons.default\">\n\t\t\t\t\t\t\t<div class=\"elementor-social-icons-wrapper elementor-grid\">\n\t\t\t\t\t\t\t<span class=\"elementor-grid-item\">\n\t\t\t\t\t<a class=\"elementor-icon elementor-social-icon elementor-social-icon-linkedin elementor-repeater-item-ea0be42\" href=\"https:\/\/www.linkedin.com\/company\/85975219\/\" target=\"_blank\">\n\t\t\t\t\t\t<span class=\"elementor-screen-only\">Linkedin<\/span>\n\t\t\t\t\t\t<svg aria-hidden=\"true\" class=\"e-font-icon-svg e-fab-linkedin\" viewbox=\"0 0 448 512\" xmlns=\"http:\/\/www.w3.org\/2000\/svg\"><path d=\"M416 32H31.9C14.3 32 0 46.5 0 64.3v383.4C0 465.5 14.3 480 31.9 480H416c17.6 0 32-14.5 32-32.3V64.3c0-17.8-14.4-32.3-32-32.3zM135.4 416H69V202.2h66.5V416zm-33.2-243c-21.3 0-38.5-17.3-38.5-38.5S80.9 96 102.2 96c21.2 0 38.5 17.3 38.5 38.5 0 21.3-17.2 38.5-38.5 38.5zm282.1 243h-66.4V312c0-24.8-.5-56.7-34.5-56.7-34.6 0-39.9 27-39.9 54.9V416h-66.4V202.2h63.7v29.2h.9c8.9-16.8 30.6-34.5 62.9-34.5 67.2 0 79.7 44.3 79.7 101.9V416z\"><\/path><\/svg>\t\t\t\t\t<\/a>\n\t\t\t\t<\/span>\n\t\t\t\t\t<\/div>\n\t\t\t\t\t\t<\/div>\n\t\t\t\t\t<\/div>\n\t\t\t\t<\/div>\n\t\t\t\t<\/div>","protected":false},"excerpt":{"rendered":"<p>La PGTB est une plateforme technologique qui met \u00e0 disposition de la communaut\u00e9 scientifique publique et priv\u00e9e ses comp\u00e9tences, son expertise et ses \u00e9quipements de pointe dans le domaine de la g\u00e9nomique. Nous vous accompagnons dans la r\u00e9alisation de vos projets sur mesure, en vous proposant des applications originales et un suivi personnalis\u00e9. <a href=\"https:\/\/pgtb.fr\/wp-content\/uploads\/2026\/01\/Video-PGTB-1080p.mp4\">https:\/\/pgtb.fr\/wp-content\/uploads\/2026\/01\/Video-PGTB-1080p.mp4<\/a> Nos<a class=\"more-link\" href=\"https:\/\/pgtb.fr\/en\/\">Continue reading <\/a><\/p>","protected":false},"author":216247060,"featured_media":0,"parent":0,"menu_order":0,"comment_status":"closed","ping_status":"closed","template":"","meta":{"_crdt_document":"","advanced_seo_description":"","jetpack_seo_html_title":"","jetpack_seo_noindex":false,"jetpack_post_was_ever_published":false,"footnotes":""},"class_list":["post-339","page","type-page","status-publish","hentry","entry"],"jetpack_likes_enabled":true,"jetpack_sharing_enabled":true,"jetpack_shortlink":"https:\/\/wp.me\/PdFmHm-5t","jetpack-related-posts":[],"_links":{"self":[{"href":"https:\/\/pgtb.fr\/en\/wp-json\/wp\/v2\/pages\/339","targetHints":{"allow":["GET"]}}],"collection":[{"href":"https:\/\/pgtb.fr\/en\/wp-json\/wp\/v2\/pages"}],"about":[{"href":"https:\/\/pgtb.fr\/en\/wp-json\/wp\/v2\/types\/page"}],"author":[{"embeddable":true,"href":"https:\/\/pgtb.fr\/en\/wp-json\/wp\/v2\/users\/216247060"}],"replies":[{"embeddable":true,"href":"https:\/\/pgtb.fr\/en\/wp-json\/wp\/v2\/comments?post=339"}],"version-history":[{"count":57,"href":"https:\/\/pgtb.fr\/en\/wp-json\/wp\/v2\/pages\/339\/revisions"}],"predecessor-version":[{"id":3846,"href":"https:\/\/pgtb.fr\/en\/wp-json\/wp\/v2\/pages\/339\/revisions\/3846"}],"wp:attachment":[{"href":"https:\/\/pgtb.fr\/en\/wp-json\/wp\/v2\/media?parent=339"}],"curies":[{"name":"wp","href":"https:\/\/api.w.org\/{rel}","templated":true}]}}