{"id":284,"date":"2022-01-31T16:42:50","date_gmt":"2022-01-31T15:42:50","guid":{"rendered":"https:\/\/pgtb.fr\/?page_id=284"},"modified":"2026-01-20T16:33:29","modified_gmt":"2026-01-20T15:33:29","slug":"politique-smq","status":"publish","type":"page","link":"https:\/\/pgtb.fr\/en\/politique-smq\/","title":{"rendered":"Our quality approach"},"content":{"rendered":"<div data-elementor-type=\"wp-page\" data-elementor-id=\"284\" class=\"elementor elementor-284\">\n\t\t\t\t<div class=\"elementor-element elementor-element-4c374048 e-flex e-con-boxed e-con e-parent\" data-id=\"4c374048\" data-element_type=\"container\" data-e-type=\"container\">\n\t\t\t\t\t<div class=\"e-con-inner\">\n\t\t\t\t<div class=\"elementor-element elementor-element-16d10fa8 elementor-widget elementor-widget-text-editor\" data-id=\"16d10fa8\" data-element_type=\"widget\" data-e-type=\"widget\" data-widget_type=\"text-editor.default\">\n\t\t\t\t\t\t\t\t\t\n<p class=\"wp-block-paragraph\">\u00a0<\/p>\n\n<p class=\"wp-block-paragraph\"><strong>PGTB is certified for ISO 9001 and NFX 50-900<\/strong><\/p>\n<p>\u00a0<\/p>\n\n<p class=\"wp-block-paragraph\">This quality approach forms part of a commitment to meeting the expectations of INRAE, the University of Bordeaux and its funding bodies (the State, the Aquitaine Region, GIS IBISA) as part of a strategy to open up the platform to academic and industrial users and to forge partnerships with other regional and national platforms. It guarantees PGTB users that their requirements and regulations are met, as well as the traceability and quality of the analyses and results produced. To this end, a Quality Management Officer has been appointed to lead this initiative.<\/p>\n\n<figure class=\"wp-block-image size-large is-resized\"><img fetchpriority=\"high\" decoding=\"async\" data-attachment-id=\"1467\" data-permalink=\"https:\/\/pgtb.fr\/en\/politique-smq\/iso-9001-nfx-50-900-rgb\/\" data-orig-file=\"https:\/\/i0.wp.com\/pgtb.fr\/wp-content\/uploads\/2022\/10\/iso-9001-nfx-50-900-rgb.jpg?fit=1100%2C1181&amp;ssl=1\" data-orig-size=\"1100,1181\" data-comments-opened=\"1\" data-image-meta=\"{&quot;aperture&quot;:&quot;0&quot;,&quot;credit&quot;:&quot;&quot;,&quot;camera&quot;:&quot;&quot;,&quot;caption&quot;:&quot;&quot;,&quot;created_timestamp&quot;:&quot;0&quot;,&quot;copyright&quot;:&quot;&quot;,&quot;focal_length&quot;:&quot;0&quot;,&quot;iso&quot;:&quot;0&quot;,&quot;shutter_speed&quot;:&quot;0&quot;,&quot;title&quot;:&quot;&quot;,&quot;orientation&quot;:&quot;0&quot;}\" data-image-title=\"ISO 9001; NFX 50-900 &amp;#8211; RGB\" data-image-description=\"\" data-image-caption=\"\" data-large-file=\"https:\/\/i0.wp.com\/pgtb.fr\/wp-content\/uploads\/2022\/10\/iso-9001-nfx-50-900-rgb.jpg?fit=750%2C805&amp;ssl=1\" data-recalc-dims=\"1\" class=\"alignnone wp-image-1467\" src=\"https:\/\/i0.wp.com\/pgtb.fr\/wp-content\/uploads\/2022\/10\/iso-9001-nfx-50-900-rgb.jpg?resize=300%2C322&#038;ssl=1\" alt=\"\" width=\"300\" height=\"322\" \/><\/figure>\n\n<p class=\"wp-block-paragraph\">With a view to achieving sustainable performance, the PGTB aims to increase the satisfaction of its users and stakeholders through the continuous improvement of its operations, services and activities.<\/p>\n<p>\u00a0<\/p>\n\n<p class=\"wp-block-paragraph\">With regard to this, the PGTB has four objectives:<\/p>\n<p>\u00a0<\/p>\n\n<ul class=\"wp-block-list\">\n<li><strong>To promote innovation and the development of new areas of expertise<\/strong><\/li>\n\n<li><strong>Consolidating the PGTB\u2019s position as a scientific partner<\/strong><\/li>\n\n<li><strong>To promote the visibility of the PGTB and ensure the dissemination of our innovations and expertise<\/strong><\/li>\n\n<li><strong>Embracing an eco-friendly laboratory approach<\/strong><\/li>\n<\/ul>\n\n<p>\u00a0<\/p>\n\n<p class=\"wp-block-paragraph\">Access the PGTB's Science and Quality Policy in its <a href=\"https:\/\/pgtb.fr\/wp-content\/uploads\/2025\/05\/f-terms-and-conditions-of-the-pgtb-2025-05-27-1.pdf\">integrality<\/a>.<\/p>\n\t\t\t\t\t\t\t\t<\/div>\n\t\t\t\t\t<\/div>\n\t\t\t\t<\/div>\n\t\t\t\t<\/div>","protected":false},"excerpt":{"rendered":"<p>\u00a0 La PGTB est engag\u00e9e dans les certifications ISO 9001 et NFX 50-900 \u00a0 Cette d\u00e9marche qualit\u00e9 s\u2019inscrit dans une volont\u00e9 de r\u00e9ponse aux attentes de l\u2019INRAE, de l\u2019Universit\u00e9 de Bordeaux et de ses financeurs (Etat, R\u00e9gion Aquitaine, GIS IBISA) dans une strat\u00e9gie d\u2019ouverture aux utilisateurs acad\u00e9miques et industriels, et de partenariat avec d\u2019autres plateformes<a class=\"more-link\" href=\"https:\/\/pgtb.fr\/en\/politique-smq\/\">Continue reading <span class=\"screen-reader-text\">\u00ab\u00a0Notre d\u00e9marche qualit\u00e9\u00a0\u00bb<\/span><\/a><\/p>","protected":false},"author":216247060,"featured_media":0,"parent":0,"menu_order":0,"comment_status":"closed","ping_status":"closed","template":"","meta":{"_crdt_document":"","advanced_seo_description":"","jetpack_seo_html_title":"","jetpack_seo_noindex":false,"footnotes":""},"class_list":["post-284","page","type-page","status-publish","hentry","entry"],"jetpack_likes_enabled":true,"jetpack_sharing_enabled":true,"jetpack_shortlink":"https:\/\/wp.me\/PdFmHm-4A","jetpack-related-posts":[],"_links":{"self":[{"href":"https:\/\/pgtb.fr\/en\/wp-json\/wp\/v2\/pages\/284","targetHints":{"allow":["GET"]}}],"collection":[{"href":"https:\/\/pgtb.fr\/en\/wp-json\/wp\/v2\/pages"}],"about":[{"href":"https:\/\/pgtb.fr\/en\/wp-json\/wp\/v2\/types\/page"}],"author":[{"embeddable":true,"href":"https:\/\/pgtb.fr\/en\/wp-json\/wp\/v2\/users\/216247060"}],"replies":[{"embeddable":true,"href":"https:\/\/pgtb.fr\/en\/wp-json\/wp\/v2\/comments?post=284"}],"version-history":[{"count":21,"href":"https:\/\/pgtb.fr\/en\/wp-json\/wp\/v2\/pages\/284\/revisions"}],"predecessor-version":[{"id":3860,"href":"https:\/\/pgtb.fr\/en\/wp-json\/wp\/v2\/pages\/284\/revisions\/3860"}],"wp:attachment":[{"href":"https:\/\/pgtb.fr\/en\/wp-json\/wp\/v2\/media?parent=284"}],"curies":[{"name":"wp","href":"https:\/\/api.w.org\/{rel}","templated":true}]}}