{"id":1246,"date":"2022-03-31T17:16:47","date_gmt":"2022-03-31T15:16:47","guid":{"rendered":"https:\/\/pgtb.fr\/?page_id=1246"},"modified":"2025-08-20T10:32:05","modified_gmt":"2025-08-20T08:32:05","slug":"conditions-dacces","status":"publish","type":"page","link":"https:\/\/pgtb.fr\/en\/conditions-dacces\/","title":{"rendered":"Terms and conditions"},"content":{"rendered":"<p class=\"wp-block-paragraph\"><\/p>\n\n\n\n<p class=\"has-text-align-justify wp-block-paragraph\">Depending on your project and your requirements, there are several ways to access the service. <\/p>\n\n\n\n<h2 class=\"wp-block-heading\">Services<\/h2>\n\n\n<div class=\"wp-block-image\">\n<figure class=\"alignleft size-large is-resized\"><img data-recalc-dims=\"1\" fetchpriority=\"high\" decoding=\"async\" width=\"303\" height=\"303\" data-attachment-id=\"1250\" data-permalink=\"https:\/\/pgtb.fr\/en\/presta\/\" data-orig-file=\"https:\/\/i0.wp.com\/pgtb.fr\/wp-content\/uploads\/2022\/03\/presta.png?fit=303%2C303&amp;ssl=1\" data-orig-size=\"303,303\" data-comments-opened=\"1\" data-image-meta=\"{&quot;aperture&quot;:&quot;0&quot;,&quot;credit&quot;:&quot;&quot;,&quot;camera&quot;:&quot;&quot;,&quot;caption&quot;:&quot;&quot;,&quot;created_timestamp&quot;:&quot;0&quot;,&quot;copyright&quot;:&quot;&quot;,&quot;focal_length&quot;:&quot;0&quot;,&quot;iso&quot;:&quot;0&quot;,&quot;shutter_speed&quot;:&quot;0&quot;,&quot;title&quot;:&quot;&quot;,&quot;orientation&quot;:&quot;0&quot;}\" data-image-title=\"presta\" data-image-description=\"\" data-image-caption=\"\" data-large-file=\"https:\/\/i0.wp.com\/pgtb.fr\/wp-content\/uploads\/2022\/03\/presta.png?fit=303%2C303&amp;ssl=1\" src=\"https:\/\/i0.wp.com\/pgtb.fr\/wp-content\/uploads\/2022\/03\/presta.png?resize=303%2C303&#038;ssl=1\" alt=\"\" class=\"wp-image-1250\" style=\"object-fit:cover;width:120px;height:120px\"\/><\/figure>\n<\/div>\n\n\n<p class=\"has-text-align-justify wp-block-paragraph\">Would you like PGTB staff to analyse your samples and, if required, your data using controlled and validated applications? <\/p>\n\n\n\n<hr class=\"wp-block-separator has-alpha-channel-opacity\"\/>\n\n\n\n<h2 class=\"wp-block-heading\">Self access<\/h2>\n\n\n<div class=\"wp-block-image\">\n<figure class=\"alignleft size-large is-resized\"><img data-recalc-dims=\"1\" decoding=\"async\" width=\"512\" height=\"512\" data-attachment-id=\"1251\" data-permalink=\"https:\/\/pgtb.fr\/en\/autonomie\/\" data-orig-file=\"https:\/\/i0.wp.com\/pgtb.fr\/wp-content\/uploads\/2022\/03\/autonomie.png?fit=512%2C512&amp;ssl=1\" data-orig-size=\"512,512\" data-comments-opened=\"1\" data-image-meta=\"{&quot;aperture&quot;:&quot;0&quot;,&quot;credit&quot;:&quot;&quot;,&quot;camera&quot;:&quot;&quot;,&quot;caption&quot;:&quot;&quot;,&quot;created_timestamp&quot;:&quot;0&quot;,&quot;copyright&quot;:&quot;&quot;,&quot;focal_length&quot;:&quot;0&quot;,&quot;iso&quot;:&quot;0&quot;,&quot;shutter_speed&quot;:&quot;0&quot;,&quot;title&quot;:&quot;&quot;,&quot;orientation&quot;:&quot;0&quot;}\" data-image-title=\"autonomie\" data-image-description=\"\" data-image-caption=\"\" data-large-file=\"https:\/\/i0.wp.com\/pgtb.fr\/wp-content\/uploads\/2022\/03\/autonomie.png?fit=512%2C512&amp;ssl=1\" src=\"https:\/\/i0.wp.com\/pgtb.fr\/wp-content\/uploads\/2022\/03\/autonomie.png?resize=512%2C512&#038;ssl=1\" alt=\"\" class=\"wp-image-1251\" style=\"object-fit:cover;width:120px;height:120px\"\/><\/figure>\n<\/div>\n\n\n<p class=\"has-text-align-justify wp-block-paragraph\">Would you like to visit the PGTB laboratory to analyse your samples and, if necessary, your data? The PGTB staff can train you to use certain pieces of equipment independently, as well as certain validated and approved applications, and to analyse data generated at the PGTB.<\/p>\n\n\n\n<hr class=\"wp-block-separator has-alpha-channel-opacity\"\/>\n\n\n\n<h2 class=\"wp-block-heading\">R&amp;D<\/h2>\n\n\n<div class=\"wp-block-image\">\n<figure class=\"alignleft size-large is-resized\"><img data-recalc-dims=\"1\" decoding=\"async\" width=\"260\" height=\"260\" data-attachment-id=\"1253\" data-permalink=\"https:\/\/pgtb.fr\/en\/retd\/\" data-orig-file=\"https:\/\/i0.wp.com\/pgtb.fr\/wp-content\/uploads\/2022\/03\/retd.png?fit=260%2C260&amp;ssl=1\" data-orig-size=\"260,260\" data-comments-opened=\"1\" data-image-meta=\"{&quot;aperture&quot;:&quot;0&quot;,&quot;credit&quot;:&quot;&quot;,&quot;camera&quot;:&quot;&quot;,&quot;caption&quot;:&quot;&quot;,&quot;created_timestamp&quot;:&quot;0&quot;,&quot;copyright&quot;:&quot;&quot;,&quot;focal_length&quot;:&quot;0&quot;,&quot;iso&quot;:&quot;0&quot;,&quot;shutter_speed&quot;:&quot;0&quot;,&quot;title&quot;:&quot;&quot;,&quot;orientation&quot;:&quot;0&quot;}\" data-image-title=\"retd\" data-image-description=\"\" data-image-caption=\"\" data-large-file=\"https:\/\/i0.wp.com\/pgtb.fr\/wp-content\/uploads\/2022\/03\/retd.png?fit=260%2C260&amp;ssl=1\" src=\"https:\/\/i0.wp.com\/pgtb.fr\/wp-content\/uploads\/2022\/03\/retd.png?resize=260%2C260&#038;ssl=1\" alt=\"\" class=\"wp-image-1253\" style=\"object-fit:cover;width:120px;height:120px\"\/><\/figure>\n<\/div>\n\n\n<p class=\"has-text-align-justify wp-block-paragraph\">If you have an idea for a research and development project, PGTB will support you throughout the process and we will carry out the project together. <\/p>\n\n\n\n<hr class=\"wp-block-separator has-alpha-channel-opacity\"\/>\n\n\n\n<h2 class=\"wp-block-heading\">Collaboration<\/h2>\n\n\n<div class=\"wp-block-image\">\n<figure class=\"alignleft size-large is-resized\"><img data-recalc-dims=\"1\" loading=\"lazy\" decoding=\"async\" width=\"260\" height=\"260\" data-attachment-id=\"1254\" data-permalink=\"https:\/\/pgtb.fr\/en\/collab\/\" data-orig-file=\"https:\/\/i0.wp.com\/pgtb.fr\/wp-content\/uploads\/2022\/03\/collab.png?fit=260%2C260&amp;ssl=1\" data-orig-size=\"260,260\" data-comments-opened=\"1\" data-image-meta=\"{&quot;aperture&quot;:&quot;0&quot;,&quot;credit&quot;:&quot;&quot;,&quot;camera&quot;:&quot;&quot;,&quot;caption&quot;:&quot;&quot;,&quot;created_timestamp&quot;:&quot;0&quot;,&quot;copyright&quot;:&quot;&quot;,&quot;focal_length&quot;:&quot;0&quot;,&quot;iso&quot;:&quot;0&quot;,&quot;shutter_speed&quot;:&quot;0&quot;,&quot;title&quot;:&quot;&quot;,&quot;orientation&quot;:&quot;0&quot;}\" data-image-title=\"collab\" data-image-description=\"\" data-image-caption=\"\" data-large-file=\"https:\/\/i0.wp.com\/pgtb.fr\/wp-content\/uploads\/2022\/03\/collab.png?fit=260%2C260&amp;ssl=1\" src=\"https:\/\/i0.wp.com\/pgtb.fr\/wp-content\/uploads\/2022\/03\/collab.png?resize=260%2C260&#038;ssl=1\" alt=\"\" class=\"wp-image-1254\" style=\"object-fit:cover;width:120px;height:120px\"\/><\/figure>\n<\/div>\n\n\n<p class=\"has-text-align-justify wp-block-paragraph\">Do you have a research project and would like the PGTB to participate as a partner in collecting and analysing data, or in developing new methodologies and tools? <\/p>\n\n\n\n<hr class=\"wp-block-separator has-alpha-channel-opacity\"\/>\n\n\n\n<p class=\"wp-block-paragraph\"><a href=\"https:\/\/pgtb.fr\/en\/contactez-nous\/\">Contact us <\/a>to help us understand your requirements and ensure the success of your project.<\/p>\n\n\n\n<p class=\"wp-block-paragraph\"><\/p>","protected":false},"excerpt":{"rendered":"<p>En fonction de votre projet et de vos besoins, plusieurs modes d\u2019acc\u00e8s sont possibles. Prestation Vous souhaitez que le personnel de la PGTB prenne en charge l\u2019analyse de vos \u00e9chantillons et \u00e9ventuellement de vos donn\u00e9es sur des applications maitris\u00e9es et valid\u00e9es. Autonomie Vous souhaitez venir au laboratoire de la PGTB pour analyser vos \u00e9chantillons et<a class=\"more-link\" href=\"https:\/\/pgtb.fr\/en\/conditions-dacces\/\">Continue reading <span class=\"screen-reader-text\">\u00ab\u00a0Conditions d&rsquo;acc\u00e8s\u00a0\u00bb<\/span><\/a><\/p>","protected":false},"author":216247060,"featured_media":0,"parent":0,"menu_order":0,"comment_status":"closed","ping_status":"closed","template":"","meta":{"_crdt_document":"","advanced_seo_description":"","jetpack_seo_html_title":"","jetpack_seo_noindex":false,"footnotes":""},"class_list":["post-1246","page","type-page","status-publish","hentry","entry"],"jetpack_likes_enabled":true,"jetpack_sharing_enabled":true,"jetpack_shortlink":"https:\/\/wp.me\/PdFmHm-k6","jetpack-related-posts":[],"_links":{"self":[{"href":"https:\/\/pgtb.fr\/en\/wp-json\/wp\/v2\/pages\/1246","targetHints":{"allow":["GET"]}}],"collection":[{"href":"https:\/\/pgtb.fr\/en\/wp-json\/wp\/v2\/pages"}],"about":[{"href":"https:\/\/pgtb.fr\/en\/wp-json\/wp\/v2\/types\/page"}],"author":[{"embeddable":true,"href":"https:\/\/pgtb.fr\/en\/wp-json\/wp\/v2\/users\/216247060"}],"replies":[{"embeddable":true,"href":"https:\/\/pgtb.fr\/en\/wp-json\/wp\/v2\/comments?post=1246"}],"version-history":[{"count":9,"href":"https:\/\/pgtb.fr\/en\/wp-json\/wp\/v2\/pages\/1246\/revisions"}],"predecessor-version":[{"id":3071,"href":"https:\/\/pgtb.fr\/en\/wp-json\/wp\/v2\/pages\/1246\/revisions\/3071"}],"wp:attachment":[{"href":"https:\/\/pgtb.fr\/en\/wp-json\/wp\/v2\/media?parent=1246"}],"curies":[{"name":"wp","href":"https:\/\/api.w.org\/{rel}","templated":true}]}}