{"id":1016,"date":"2022-03-24T10:20:40","date_gmt":"2022-03-24T09:20:40","guid":{"rendered":"https:\/\/pgtb.fr\/?page_id=1016"},"modified":"2023-02-27T11:10:57","modified_gmt":"2023-02-27T10:10:57","slug":"autres-services","status":"publish","type":"page","link":"https:\/\/pgtb.fr\/en\/autres-services\/","title":{"rendered":"Autres services"},"content":{"rendered":"<p class=\"has-text-align-justify wp-block-paragraph\">Outre les services de g\u00e9notypage et s\u00e9quen\u00e7age, la PGTB offre un panel d\u2019autres services pour la r\u00e9alisation de vos projets de recherche :<\/p>\n\n\n\n<p class=\"has-text-align-justify wp-block-paragraph\"><a href=\"https:\/\/pgtb.fr\/en\/analyses-sur-le-terrain\/\">Analyses sur le terrain<\/a> : dans le cadre de notre projet R&amp;D AGIS, nous d\u00e9veloppons des solutions techniques pour r\u00e9aliser des analyses g\u00e9n\u00e9tiques sur le terrain, pour d\u00e9tecter et quantifier des esp\u00e8ces d&rsquo;int\u00e9r\u00eat, identifier des individus hybrides ou encore caract\u00e9riser des communaut\u00e9s d&rsquo;organismes d&rsquo;int\u00e9r\u00eat.<\/p>\n\n\n\n<p class=\"has-text-align-justify wp-block-paragraph\"><a href=\"https:\/\/pgtb.fr\/en\/laboratoire-adn-sensible\/\">Laboratoire ADN sensible<\/a> : enti\u00e8rement isol\u00e9 de l\u2019ext\u00e9rieur gr\u00e2ce \u00e0 un syst\u00e8me haute performance de suppression et filtration HEPA, et localis\u00e9 dans un b\u00e2timent sans autres analyses mol\u00e9culaires, ce laboratoire est enti\u00e8rement \u00e9quip\u00e9 pour r\u00e9aliser vos analyses sur \u00e9chantillons sensibles, de l\u2019extraction de l\u2019ADN (tubes ou plaques) \u00e0 la pr\u00e9paration des PCR ou des librairies de s\u00e9quen\u00e7age.<\/p>\n\n\n\n<p class=\"wp-block-paragraph\"><\/p>","protected":false},"excerpt":{"rendered":"<p>Outre les services de g\u00e9notypage et s\u00e9quen\u00e7age, la PGTB offre un panel d\u2019autres services pour la r\u00e9alisation de vos projets de recherche : Analyses sur le terrain : dans le cadre de notre projet R&amp;D AGIS, nous d\u00e9veloppons des solutions techniques pour r\u00e9aliser des analyses g\u00e9n\u00e9tiques sur le terrain, pour d\u00e9tecter et quantifier des esp\u00e8ces<a class=\"more-link\" href=\"https:\/\/pgtb.fr\/en\/autres-services\/\">Continue reading <span class=\"screen-reader-text\">\u00ab\u00a0Autres services\u00a0\u00bb<\/span><\/a><\/p>","protected":false},"author":216247060,"featured_media":0,"parent":0,"menu_order":0,"comment_status":"closed","ping_status":"closed","template":"","meta":{"_crdt_document":"","advanced_seo_description":"","jetpack_seo_html_title":"","jetpack_seo_noindex":false,"jetpack_post_was_ever_published":false,"footnotes":""},"class_list":["post-1016","page","type-page","status-publish","hentry","entry"],"jetpack_likes_enabled":true,"jetpack_sharing_enabled":true,"jetpack_shortlink":"https:\/\/wp.me\/PdFmHm-go","jetpack-related-posts":[],"_links":{"self":[{"href":"https:\/\/pgtb.fr\/en\/wp-json\/wp\/v2\/pages\/1016","targetHints":{"allow":["GET"]}}],"collection":[{"href":"https:\/\/pgtb.fr\/en\/wp-json\/wp\/v2\/pages"}],"about":[{"href":"https:\/\/pgtb.fr\/en\/wp-json\/wp\/v2\/types\/page"}],"author":[{"embeddable":true,"href":"https:\/\/pgtb.fr\/en\/wp-json\/wp\/v2\/users\/216247060"}],"replies":[{"embeddable":true,"href":"https:\/\/pgtb.fr\/en\/wp-json\/wp\/v2\/comments?post=1016"}],"version-history":[{"count":6,"href":"https:\/\/pgtb.fr\/en\/wp-json\/wp\/v2\/pages\/1016\/revisions"}],"predecessor-version":[{"id":1550,"href":"https:\/\/pgtb.fr\/en\/wp-json\/wp\/v2\/pages\/1016\/revisions\/1550"}],"wp:attachment":[{"href":"https:\/\/pgtb.fr\/en\/wp-json\/wp\/v2\/media?parent=1016"}],"curies":[{"name":"wp","href":"https:\/\/api.w.org\/{rel}","templated":true}]}}